{"id":14,"date":"2017-12-20T21:07:09","date_gmt":"2017-12-20T19:07:09","guid":{"rendered":"http:\/\/beko-lvi.fi\/?page_id=14"},"modified":"2023-12-27T14:06:50","modified_gmt":"2023-12-27T12:06:50","slug":"etusivu","status":"publish","type":"page","link":"https:\/\/beko-lvi.fi\/","title":{"rendered":"Etusivu"},"content":{"rendered":"\n<p>Luotettava sulkavalainen putkiliike<strong> <\/strong>Sulkava &#8211; Juva &#8211; Rantasalmi &#8211; Puumala alueella.<\/p>\n\n\n\n<p>Hoidamme kaikki LVI-, l\u00e4mp\u00f6pumppu-, \u00f6ljypoltinty\u00f6t varmuudella, ammattitaidolla ja t\u00e4sm\u00e4llisesti, niin Sulkavalla kuin l\u00e4hikunnissakin.<\/p>\n\n\n\n<p>Pyyd\u00e4 ilmainen katselmusk\u00e4ynti!<\/p>\n\n\n\n<p><br>T\u00f6iden vastaanotto: <strong>+358 503809093<\/strong><br>E-mail: myynti@beko-lvi.fi<br>Benjamin Koelle<\/p>\n\n\n\n<p>K\u00e4yntiosoite:<br>Teollisuustie 18<br>58700 Sulkava<\/p>\n\n\n\n<p><\/p>\n","protected":false},"excerpt":{"rendered":"<p>Luotettava sulkavalainen putkiliike Sulkava &#8211; Juva &#8211; Rantasalmi &#8211; Puumala alueella. Hoidamme kaikki LVI-, l\u00e4mp\u00f6pumppu-, \u00f6ljypoltinty\u00f6t varmuudella, ammattitaidolla ja t\u00e4sm\u00e4llisesti, niin Sulkavalla kuin l\u00e4hikunnissakin. Pyyd\u00e4 ilmainen katselmusk\u00e4ynti! T\u00f6iden vastaanotto: +358 503809093E-mail: myynti@beko-lvi.fiBenjamin Koelle K\u00e4yntiosoite:Teollisuustie 1858700 Sulkava<\/p>\n","protected":false},"author":1,"featured_media":0,"parent":0,"menu_order":0,"comment_status":"closed","ping_status":"closed","template":"","meta":{"footnotes":""},"_links":{"self":[{"href":"https:\/\/beko-lvi.fi\/index.php?rest_route=\/wp\/v2\/pages\/14"}],"collection":[{"href":"https:\/\/beko-lvi.fi\/index.php?rest_route=\/wp\/v2\/pages"}],"about":[{"href":"https:\/\/beko-lvi.fi\/index.php?rest_route=\/wp\/v2\/types\/page"}],"author":[{"embeddable":true,"href":"https:\/\/beko-lvi.fi\/index.php?rest_route=\/wp\/v2\/users\/1"}],"replies":[{"embeddable":true,"href":"https:\/\/beko-lvi.fi\/index.php?rest_route=%2Fwp%2Fv2%2Fcomments&post=14"}],"version-history":[{"count":27,"href":"https:\/\/beko-lvi.fi\/index.php?rest_route=\/wp\/v2\/pages\/14\/revisions"}],"predecessor-version":[{"id":114,"href":"https:\/\/beko-lvi.fi\/index.php?rest_route=\/wp\/v2\/pages\/14\/revisions\/114"}],"wp:attachment":[{"href":"https:\/\/beko-lvi.fi\/index.php?rest_route=%2Fwp%2Fv2%2Fmedia&parent=14"}],"curies":[{"name":"wp","href":"https:\/\/api.w.org\/{rel}","templated":true}]}}